{"id":698,"date":"2023-09-26T16:19:52","date_gmt":"2023-09-26T14:19:52","guid":{"rendered":"https:\/\/drip-spa-duisburg-pisu.de\/?page_id=698"},"modified":"2025-03-14T12:34:40","modified_gmt":"2025-03-14T11:34:40","slug":"impressum","status":"publish","type":"page","link":"https:\/\/abnehmen-duisburg-pisu.de\/?page_id=698","title":{"rendered":"Impressum"},"content":{"rendered":"\t\t<div data-elementor-type=\"wp-page\" data-elementor-id=\"698\" class=\"elementor elementor-698\">\n\t\t\t\t\t\t<section class=\"elementor-section elementor-top-section elementor-element elementor-element-4c7ecd05 elementor-section-boxed elementor-section-height-default elementor-section-height-default\" data-id=\"4c7ecd05\" data-element_type=\"section\" data-e-type=\"section\">\n\t\t\t\t\t\t<div class=\"elementor-container elementor-column-gap-default\">\n\t\t\t\t\t<div class=\"elementor-column elementor-col-100 elementor-top-column elementor-element elementor-element-3578dd10\" data-id=\"3578dd10\" data-element_type=\"column\" data-e-type=\"column\">\n\t\t\t<div class=\"elementor-widget-wrap elementor-element-populated\">\n\t\t\t\t\t\t<div class=\"elementor-element elementor-element-49ce61d5 elementor-widget elementor-widget-text-editor\" data-id=\"49ce61d5\" data-element_type=\"widget\" data-e-type=\"widget\" data-widget_type=\"text-editor.default\">\n\t\t\t\t<div class=\"elementor-widget-container\">\n\t\t\t\t\t\t\t\t\t<h3 class=\"fusion-responsive-typography-calculated\" data-fontsize=\"24\" data-lineheight=\"36px\">Inhaltlich verantwortlich f\u00fcr den Inhalt des Internetauftritts nach \u00a7 5 TMG und \u00a7 18 II MStV sowie f\u00fcr den Datenschutz:<\/h3><p>Angela Pisu<br \/>K\u00f6nigsberger Allee 96<br \/>47058 Duisburg<\/p><p>Tel.: +49 (0) 203-98 43 94 98<br \/>Fax.: +49 (0) 203-98 43 81 50<\/p><p>info@drip-spa-duisburg-pisu.de<\/p><h3 class=\"fusion-responsive-typography-calculated\" data-fontsize=\"24\" data-lineheight=\"36px\">Berufsbezeichnung:<\/h3><p>Heilpraktikerin (verliehen in der Bundesrepublik Deutschland)<\/p><p>Angebot: Begleitung bei Gewichtsreduktion und Raucherentw\u00f6hnung mit Hom\u00f6opathie, Ohrakupunktur und Bioresonanztherapie<\/p><h3 class=\"fusion-responsive-typography-calculated\" data-fontsize=\"24\" data-lineheight=\"36px\">Zust\u00e4ndige Beh\u00f6rde:<\/h3><p>Gesundheitsamt Duisburg, Landfermannstr. 1, 47501 Duisburg<\/p><h3 class=\"fusion-responsive-typography-calculated\" data-fontsize=\"24\" data-lineheight=\"36px\">Berufsrechtliche Regelungen:<\/h3><p><a href=\"http:\/\/www.heilpraktiker.org\/boh\/bohtop.htm\">Berufsordnung f\u00fcr Heilpraktiker<\/a>, <a href=\"http:\/\/www.gesetze-im-internet.de\/heilprg\/BJNR002510939.html\" target=\"_blank\" rel=\"noopener noreferrer\">Heilpraktikergesetz <\/a><\/p><h3 class=\"fusion-responsive-typography-calculated\" data-fontsize=\"24\" data-lineheight=\"36px\">Berufshaftpflichtversicherung:<\/h3><p>Signal Iduna, Joseph-Scherer-Str. 3, D-44139 Dortmund<\/p><h2 class=\"fusion-responsive-typography-calculated\" data-fontsize=\"28\" data-lineheight=\"42px\">1. Inhalt des Onlineangebotes<\/h2><p>Ich \u00fcbernehme keinerlei Gew\u00e4hr f\u00fcr die Aktualit\u00e4t, Korrektheit, Vollst\u00e4ndigkeit oder Qualit\u00e4t der bereitgestellten Informationen. Haftungsanspr\u00fcche gegen mich, die sich auf Sch\u00e4den materieller oder ideeller Art beziehen, die durch die Nutzung oder Nichtnutzung der dargebotenen Informationen bzw. durch die Nutzung fehlerhafter und unvollst\u00e4ndiger Informationen verursacht wurden, sind grunds\u00e4tzlich ausgeschlossen, es sei denn, es liegt meinerseitens nachweislich vors\u00e4tzliches oder grob fahrl\u00e4ssiges Verschulden vor.<\/p><p>Alle Angebote sind freibleibend und unverbindlich. Ich behalte mich ausdr\u00fccklich vor, Teile der Seiten oder das gesamte Angebot ohne gesonderte Ank\u00fcndigung zu ver\u00e4ndern, zu erg\u00e4nzen, zu l\u00f6schen oder die Ver\u00f6ffentlichung zeitweise oder endg\u00fcltig einzustellen.<\/p><h2 class=\"fusion-responsive-typography-calculated\" data-fontsize=\"28\" data-lineheight=\"42px\">2. Verweise und Links<\/h2><p>Bei direkten oder indirekten Verweisen auf fremde Webseiten (\u201cHyperlinks\u201d), die au\u00dferhalb meines Verantwortungsbereiches liegen, besteht eine Haftungspflicht nur solchen F\u00e4llen, wenn ich von den Inhalten Kenntnis habe und es mir technisch m\u00f6glich und zumutbar ist, die Nutzung im Falle rechtswidriger Inhalte zu verhindern.<br \/>Ich erkl\u00e4re hiermit ausdr\u00fccklich, dass zum Zeitpunkt der Linksetzung keine illegalen Inhalte auf den zu verlinkenden Seiten erkennbar waren. Auf die aktuelle und zuk\u00fcnftige Gestaltung, die Inhalte oder die Urheberschaft der verlinkten\/verkn\u00fcpften Seiten habe ich keinerlei Einfluss. Deshalb distanziere ich mich hiermit ausdr\u00fccklich von allen Inhalten aller verlinkten Seiten, die nach Linksetzung ver\u00e4ndert wurden. Diese Feststellung gilt f\u00fcr alle innerhalb des eigenen Internetangebotes gesetzten Links und Verweise sowie f\u00fcr Fremdeintr\u00e4ge in vom Autor eingerichteten G\u00e4steb\u00fcchern, Diskussionsforen, Linkverzeichnissen, Mailinglisten und in allen anderen Formen von Datenbanken, auf deren Inhalt externe Schreibzugriffe m\u00f6glich sind. F\u00fcr illegale, fehlerhafte oder unvollst\u00e4ndige Inhalte und insbesondere f\u00fcr Sch\u00e4den, die aus der Nutzung oder Nichtnutzung solcherart dargebotener Informationen entstehen, haftet allein der Anbieter der Seite, auf welche verwiesen wurde, nicht derjenige, der \u00fcber Links auf die jeweilige Ver\u00f6ffentlichung lediglich verweist.<\/p><h2 class=\"fusion-responsive-typography-calculated\" data-fontsize=\"28\" data-lineheight=\"42px\">3. Urheber- und Kennzeichenrecht<\/h2><p>Ich bin bestrebt, in allen Publikationen die Urheberrechte der verwendeten Bilder, Grafiken, Tondokumente, Videosequenzen und Texte zu beachten, Bilder, Grafiken und Texte zu nutzen, die ich selbst erstellt habe oder auf lizenzfreie Grafiken, Tondokumente, Videosequenzen und Texte zur\u00fcckzugreifen.<\/p><p>Alle innerhalb des Internetangebotes genannten und ggf. durch Dritte gesch\u00fctzten Marken- und Warenzeichen unterliegen uneingeschr\u00e4nkt den Bestimmungen des jeweils g\u00fcltigen Kennzeichenrechts und den Besitzrechten der jeweiligen eingetragenen Eigent\u00fcmer. Allein aufgrund der blo\u00dfen Nennung ist nicht der Schluss zu ziehen, dass Markenzeichen nicht durch Rechte Dritter gesch\u00fctzt sind.<\/p><p>Das Copyright f\u00fcr ver\u00f6ffentlichte, von mir selbst erstellte Objekte bleibt allein bei mir. Eine Vervielf\u00e4ltigung oder Verwendung solcher Grafiken, Tondokumente, Videosequenzen und Texte in anderen elektronischen oder gedruckten Publikationen ist ohne meine ausdr\u00fcckliche Zustimmung nicht gestattet.<\/p><p>Kostenfreie Bilder: \u00a9 <a href=\"https:\/\/de.123rf.com\/profile_virtosmedia\" target=\"_blank\" rel=\"noopener\">Virtosmedia<\/a>, <a href=\"https:\/\/www.123rf.com\/free-images\/\" target=\"_blank\" rel=\"noopener\">123RF Free Images<\/a><\/p><h2 class=\"fusion-responsive-typography-calculated\" data-fontsize=\"28\" data-lineheight=\"42px\">4. Rechtswirksamkeit dieses Haftungsausschlusses<\/h2><p>Dieser Haftungsausschluss ist als Teil des Internetangebotes zu betrachten, von dem aus auf diese Seite verwiesen wurde. Sofern Teile oder einzelne Formulierungen dieses Textes der geltenden Rechtslage nicht, nicht mehr oder nicht vollst\u00e4ndig entsprechen sollten, bleiben die \u00fcbrigen Teile des Dokumentes in ihrem Inhalt und ihrer G\u00fcltigkeit davon unber\u00fchrt.<\/p>\t\t\t\t\t\t\t\t<\/div>\n\t\t\t\t<\/div>\n\t\t\t\t\t<\/div>\n\t\t<\/div>\n\t\t\t\t\t<\/div>\n\t\t<\/section>\n\t\t\t\t<\/div>\n\t\t","protected":false},"excerpt":{"rendered":"<p>Inhaltlich verantwortlich f\u00fcr den Inhalt des Internetauftritts nach \u00a7 5 TMG und \u00a7 18 II MStV sowie f\u00fcr den Datenschutz: Angela PisuK\u00f6nigsberger Allee 9647058 Duisburg Tel.: +49 (0) 203-98 43 94 98Fax.: +49 (0) 203-98 43 81 50 info@drip-spa-duisburg-pisu.de Berufsbezeichnung: Heilpraktikerin (verliehen in der Bundesrepublik Deutschland) Angebot: Begleitung bei Gewichtsreduktion und Raucherentw\u00f6hnung mit Hom\u00f6opathie, Ohrakupunktur &hellip; <\/p>\n","protected":false},"author":1,"featured_media":0,"parent":0,"menu_order":0,"comment_status":"closed","ping_status":"closed","template":"","meta":{"footnotes":""},"class_list":["post-698","page","type-page","status-publish","hentry"],"_links":{"self":[{"href":"https:\/\/abnehmen-duisburg-pisu.de\/index.php?rest_route=\/wp\/v2\/pages\/698","targetHints":{"allow":["GET"]}}],"collection":[{"href":"https:\/\/abnehmen-duisburg-pisu.de\/index.php?rest_route=\/wp\/v2\/pages"}],"about":[{"href":"https:\/\/abnehmen-duisburg-pisu.de\/index.php?rest_route=\/wp\/v2\/types\/page"}],"author":[{"embeddable":true,"href":"https:\/\/abnehmen-duisburg-pisu.de\/index.php?rest_route=\/wp\/v2\/users\/1"}],"replies":[{"embeddable":true,"href":"https:\/\/abnehmen-duisburg-pisu.de\/index.php?rest_route=%2Fwp%2Fv2%2Fcomments&post=698"}],"version-history":[{"count":7,"href":"https:\/\/abnehmen-duisburg-pisu.de\/index.php?rest_route=\/wp\/v2\/pages\/698\/revisions"}],"predecessor-version":[{"id":1094,"href":"https:\/\/abnehmen-duisburg-pisu.de\/index.php?rest_route=\/wp\/v2\/pages\/698\/revisions\/1094"}],"wp:attachment":[{"href":"https:\/\/abnehmen-duisburg-pisu.de\/index.php?rest_route=%2Fwp%2Fv2%2Fmedia&parent=698"}],"curies":[{"name":"wp","href":"https:\/\/api.w.org\/{rel}","templated":true}]}}